{"id":1738,"date":"2018-09-03T11:09:11","date_gmt":"2018-09-03T11:09:11","guid":{"rendered":"http:\/\/enercut.com\/web\/videos-software-de-corte-laminas-solares-coche\/"},"modified":"2024-01-15T21:29:57","modified_gmt":"2024-01-15T20:29:57","slug":"videos-logiciel-de-decoupe-de-vitres-teintees","status":"publish","type":"page","link":"https:\/\/enercut.com\/web\/fr\/videos-logiciel-de-decoupe-de-vitres-teintees\/","title":{"rendered":"Vid\u00e9os Logiciel de D\u00e9coupe de Vitres Teint\u00e9es"},"content":{"rendered":"<p>[et_pb_section fb_built=\u00bb1&#8243; custom_padding_last_edited=\u00bbon|phone\u00bb admin_label=\u00bbAbout Us\u00bb _builder_version=\u00bb3.22&#8243; custom_margin=\u00bb0px||0px|\u00bb custom_padding=\u00bb|0px||0px\u00bb custom_padding_tablet=\u00bb\u00bb custom_padding_phone=\u00bb|0px|0px|0px\u00bb][et_pb_row _builder_version=\u00bb3.25&#8243; max_width=\u00bb960px\u00bb module_alignment=\u00bbcenter\u00bb custom_margin=\u00bb0px||0px|\u00bb custom_padding=\u00bb0px||0px|\u00bb use_custom_width=\u00bbon\u00bb custom_width_px=\u00bb960px\u00bb locked=\u00bboff\u00bb][et_pb_column type=\u00bb4_4&#8243; _builder_version=\u00bb3.25&#8243; custom_padding=\u00bb0px||0px|\u00bb custom_padding__hover=\u00bb|||\u00bb][et_pb_text admin_label=\u00bbTitle\u00bb _builder_version=\u00bb3.29.3&#8243; text_font=\u00bbLato||||||||\u00bb text_font_size=\u00bb17px\u00bb text_line_height=\u00bb1.8em\u00bb header_font=\u00bbTeko||||||||\u00bb header_font_size=\u00bb40px\u00bb header_2_font=\u00bbTeko||||||||\u00bb header_2_font_size=\u00bb40px\u00bb text_orientation=\u00bbcenter\u00bb max_width=\u00bb750px\u00bb module_alignment=\u00bbcenter\u00bb custom_margin=\u00bb0px|||\u00bb custom_padding=\u00bb0px|||\u00bb text_font_size_tablet=\u00bb16px\u00bb text_font_size_phone=\u00bb13px\u00bb text_font_size_last_edited=\u00bbon|phone\u00bb header_font_size_tablet=\u00bb34px\u00bb header_font_size_phone=\u00bb23px\u00bb header_font_size_last_edited=\u00bbon|desktop\u00bb header_2_font_size_tablet=\u00bb34px\u00bb header_2_font_size_phone=\u00bb23px\u00bb header_2_font_size_last_edited=\u00bbon|phone\u00bb z_index_tablet=\u00bb500&#8243;]<\/p>\n<h1><a href=\"https:\/\/enercut.com\/web\/videos-software-de-corte-lunas-tintadas\/\">Vid\u00e9os d\u2019ENERCUT<\/a><\/h1>\n<p>Le Groupe Energysa vous offre ce vid\u00e9o de d\u00e9monstration d\u2019ENERCUT pour savoir tous ses avantages: facilit\u00e9 d\u2019utilisation et une \u00e9norme \u00e9conomie de temps et de film.[\/et_pb_text][\/et_pb_column][\/et_pb_row][\/et_pb_section][et_pb_section fb_built=\u00bb1&#8243; custom_padding_last_edited=\u00bbon|phone\u00bb prev_background_color=\u00bb#ffffff\u00bb next_background_color=\u00bb#ffffff\u00bb admin_label=\u00bbOur History\u00bb _builder_version=\u00bb3.29.3&#8243; use_background_color_gradient=\u00bbon\u00bb background_color_gradient_start=\u00bbrgba(27,31,37,0.3)\u00bb background_color_gradient_end=\u00bb#1b1f25&#8243; background_color_gradient_overlays_image=\u00bbon\u00bb background_image=\u00bbhttps:\/\/enercut.com\/web\/wp-content\/uploads\/2018\/09\/car-dealer-33.jpg\u00bb background_position=\u00bbtop_center\u00bb custom_padding=\u00bb180px||0px||false|false\u00bb custom_padding_tablet=\u00bb|||\u00bb custom_padding_phone=\u00bb100px|||\u00bb top_divider_style=\u00bbarrow\u00bb top_divider_height_tablet=\u00bb\u00bb top_divider_height_phone=\u00bb50px\u00bb top_divider_height_last_edited=\u00bbon|phone\u00bb bottom_divider_style=\u00bbarrow\u00bb box_shadow_style=\u00bbpreset7&#8243; box_shadow_horizontal=\u00bb0px\u00bb box_shadow_vertical=\u00bb-80px\u00bb box_shadow_color=\u00bb#ffffff\u00bb locked=\u00bboff\u00bb][et_pb_row custom_padding_last_edited=\u00bbon|phone\u00bb _builder_version=\u00bb3.25&#8243; background_color=\u00bb#ffffff\u00bb module_alignment=\u00bbcenter\u00bb custom_margin=\u00bb0px||0px|\u00bb custom_padding=\u00bb30px|0px|0px|0px\u00bb custom_padding_tablet=\u00bb\u00bb custom_padding_phone=\u00bb20px|0px|0px|0px\u00bb locked=\u00bboff\u00bb][et_pb_column type=\u00bb4_4&#8243; _builder_version=\u00bb3.25&#8243; custom_padding=\u00bb|||\u00bb custom_padding__hover=\u00bb|||\u00bb][et_pb_text admin_label=\u00bbTitle\u00bb _builder_version=\u00bb3.29.3&#8243; text_font=\u00bbLato||||||||\u00bb text_font_size=\u00bb20px\u00bb text_line_height=\u00bb1.8em\u00bb header_2_font=\u00bbTeko||||||||\u00bb header_2_font_size=\u00bb40px\u00bb text_orientation=\u00bbcenter\u00bb max_width=\u00bb700px\u00bb module_alignment=\u00bbcenter\u00bb custom_margin=\u00bb||0px|\u00bb header_2_font_size_tablet=\u00bb\u00bb header_2_font_size_phone=\u00bb28px\u00bb header_2_font_size_last_edited=\u00bbon|tablet\u00bb]<\/p>\n<h2>\u00c0 votre Service depuis 2000<\/h2>\n<p>[\/et_pb_text][\/et_pb_column][\/et_pb_row][et_pb_row column_structure=\u00bb1_2,1_2&#8243; custom_padding_last_edited=\u00bboff|desktop\u00bb _builder_version=\u00bb4.2.1&#8243; background_color=\u00bb#ffffff\u00bb module_alignment=\u00bbcenter\u00bb custom_margin=\u00bb0px|||\u00bb custom_padding=\u00bb|5%|150px|5%||true\u00bb use_custom_width=\u00bbon\u00bb locked=\u00bboff\u00bb][et_pb_column type=\u00bb1_2&#8243; _builder_version=\u00bb3.25&#8243; custom_padding=\u00bb|||\u00bb custom_padding__hover=\u00bb|||\u00bb][et_pb_video src=\u00bbhttps:\/\/youtu.be\/7fDm25u7R2I\u00bb image_src=\u00bbhttps:\/\/enercut.com\/web\/wp-content\/uploads\/2019\/01\/video-lunas-tintadas.jpg\u00bb _builder_version=\u00bb4.2.1&#8243; module_alignment=\u00bbcenter\u00bb box_shadow_style=\u00bbpreset2&#8243; box_shadow_horizontal=\u00bb30px\u00bb box_shadow_vertical=\u00bb60px\u00bb box_shadow_blur=\u00bb80px\u00bb box_shadow_spread=\u00bb-40px\u00bb box_shadow_color=\u00bbrgba(0,0,0,0.15)\u00bb][\/et_pb_video][\/et_pb_column][et_pb_column type=\u00bb1_2&#8243; _builder_version=\u00bb3.25&#8243; custom_padding=\u00bb|||\u00bb custom_padding__hover=\u00bb|||\u00bb][et_pb_video src=\u00bbhttps:\/\/youtu.be\/CUAhOzJyzEM\u00bb image_src=\u00bb\/\/i.ytimg.com\/vi\/CUAhOzJyzEM\/hqdefault.jpg\u00bb thumbnail_overlay_color=\u00bbrgba(0,0,0,0.6)\u00bb _builder_version=\u00bb4.2.1&#8243;][\/et_pb_video][\/et_pb_column][\/et_pb_row][\/et_pb_section][et_pb_section fb_built=\u00bb1&#8243; inner_shadow=\u00bbon\u00bb module_class=\u00bbpre-footer\u00bb _builder_version=\u00bb3.22&#8243; background_color=\u00bb#ffffff\u00bb use_background_color_gradient=\u00bbon\u00bb background_color_gradient_start=\u00bb#ffffff\u00bb background_color_gradient_end=\u00bbrgba(66,66,66,0.43)\u00bb background_color_gradient_direction=\u00bb181deg\u00bb custom_margin=\u00bb0px||0px|\u00bb custom_padding=\u00bb0px||0px|\u00bb border_color_all=\u00bbrgba(51,51,51,0.16)\u00bb border_color_top=\u00bbrgba(66,66,66,0.38)\u00bb][et_pb_row column_structure=\u00bb1_3,1_3,1_3&#8243; use_custom_gutter=\u00bbon\u00bb gutter_width=\u00bb1&#8243; make_equal=\u00bbon\u00bb custom_padding_last_edited=\u00bbon|phone\u00bb _builder_version=\u00bb3.25&#8243; background_color_gradient_direction=\u00bb90deg\u00bb module_alignment=\u00bbcenter\u00bb custom_margin=\u00bb0px||0px|\u00bb custom_padding=\u00bb1px||1px|\u00bb custom_padding_tablet=\u00bb\u00bb custom_padding_phone=\u00bb10px||10px|\u00bb][et_pb_column type=\u00bb1_3&#8243; _builder_version=\u00bb3.25&#8243; custom_padding=\u00bb|5px||\u00bb custom_padding__hover=\u00bb|||\u00bb][et_pb_image src=\u00bbhttps:\/\/enercut.com\/web\/wp-content\/uploads\/2024\/01\/energy2.jpg\u00bb title_text=\u00bbenergy2&#8243; url=\u00bbhttps:\/\/www.energysa.es\/\u00bb _builder_version=\u00bb4.7.1&#8243; max_width=\u00bb89%\u00bb module_alignment=\u00bbcenter\u00bb custom_margin=\u00bb||7px|27px\u00bb custom_margin_tablet=\u00bb\u00bb custom_margin_phone=\u00bb\u00bb custom_margin_last_edited=\u00bbon|phone\u00bb custom_padding=\u00bb27px|||\u00bb custom_padding_tablet=\u00bb\u00bb custom_padding_phone=\u00bb\u00bb custom_padding_last_edited=\u00bbon|phone\u00bb always_center_on_mobile=\u00bboff\u00bb][\/et_pb_image][et_pb_text _builder_version=\u00bb4.7.1&#8243; text_font_size=\u00bb13px\u00bb custom_margin=\u00bb|||27px\u00bb hover_enabled=\u00bb0&#8243; text_font_size_tablet=\u00bb\u00bb text_font_size_phone=\u00bb11px\u00bb text_font_size_last_edited=\u00bbon|desktop\u00bb sticky_enabled=\u00bb0&#8243;]<\/p>\n<p style=\"text-align: left;\"><span style=\"color: #424242;\">Ctra. <\/span>Fuencarral, 68, nave 1 &#8211; 28108 Alcobendas &#8211; Madrid &#8211; Espagne<\/p>\n<p><a href=\"tel:0034630439210\">+34 630 439 210<\/a><\/p>\n<p><a href=\"https:\/\/www.energysa.com\"><span style=\"color: #0000ff;\"><strong>https:\/\/www.energysa.com<\/strong><\/span><\/a><\/p>\n<p>[\/et_pb_text][et_pb_button button_url=\u00bb\/web\/fr\/contact\/\u00bb button_text=\u00bbContact\u00bb button_alignment=\u00bbleft\u00bb admin_label=\u00bbContact\u00bb _builder_version=\u00bb4.7.1&#8243; custom_button=\u00bbon\u00bb button_text_size=\u00bb13&#8243; button_text_color=\u00bb#ffffff\u00bb button_bg_color=\u00bb#424242&#8243; button_border_width=\u00bb0&#8243; button_border_color=\u00bb#c10f1b\u00bb button_border_radius=\u00bb0&#8243; button_letter_spacing=\u00bb1&#8243; button_icon=\u00bb%%153%%\u00bb button_icon_color=\u00bb#ffffff\u00bb custom_margin=\u00bb7px||3px|27px\u00bb custom_margin_tablet=\u00bb2px||||false|false\u00bb custom_margin_phone=\u00bb\u00bb custom_margin_last_edited=\u00bbon|tablet\u00bb hover_enabled=\u00bb0&#8243; button_text_size_tablet=\u00bb\u00bb button_text_size_phone=\u00bb12&#8243; button_text_size_last_edited=\u00bbon|desktop\u00bb sticky_enabled=\u00bb0&#8243;][\/et_pb_button][\/et_pb_column][et_pb_column type=\u00bb1_3&#8243; _builder_version=\u00bb3.25&#8243; custom_padding=\u00bb20px|5px||\u00bb custom_padding__hover=\u00bb|||\u00bb][et_pb_text _builder_version=\u00bb4.2.1&#8243; text_font=\u00bb||||on||||\u00bb text_text_color=\u00bb#ffffff\u00bb text_font_size=\u00bb13px\u00bb custom_margin=\u00bb|||27px\u00bb text_font_size_tablet=\u00bb\u00bb text_font_size_phone=\u00bb11px\u00bb text_font_size_last_edited=\u00bbon|tablet\u00bb z_index_tablet=\u00bb500&#8243;]<\/p>\n<p>&nbsp;<\/p>\n<p>&nbsp;<\/p>\n<p><a href=\"https:\/\/enercut.com\/web\/fr\/\">Logiciel de D\u00e9coupe de Vitres Teint\u00e9es<\/a><\/p>\n<p><a href=\"https:\/\/enercut.com\/web\/fr\/#faqs-fr\">Questions Fr\u00e9quemment Pos\u00e9es (QFP \/ FAQs)<\/a><\/p>\n<p><a href=\"https:\/\/enercut.com\/web\/fr\/videos-logiciel-de-decoupe-de-vitres-teintees\/\">Vid\u00e9os Logiciel de D\u00e9coupe de Vitres Teint\u00e9es<\/a><\/p>\n<p>&nbsp;<\/p>\n<p>[\/et_pb_text][et_pb_social_media_follow _builder_version=\u00bb3.19.4&#8243; text_orientation=\u00bbleft\u00bb custom_margin=\u00bb10px||0px|27px\u00bb][et_pb_social_media_follow_network social_network=\u00bbfacebook\u00bb url=\u00bbhttps:\/\/www.facebook.com\/energysafilms\/\u00bb _builder_version=\u00bb3.19.4&#8243; background_color=\u00bb#424242&#8243; follow_button=\u00bboff\u00bb url_new_window=\u00bbon\u00bb]<\/p>\n<p>Facebook<\/p>\n<p>[\/et_pb_social_media_follow_network][\/et_pb_social_media_follow][\/et_pb_column][et_pb_column type=\u00bb1_3&#8243; _builder_version=\u00bb3.25&#8243; custom_padding=\u00bb20px|5px||\u00bb custom_css_main_element=\u00bbcolumns: 2;\u00bb custom_padding__hover=\u00bb|||\u00bb][et_pb_image src=\u00bbhttps:\/\/enercut.com\/web\/wp-content\/uploads\/2018\/11\/iwfa.png\u00bb url=\u00bbhttps:\/\/iwfa.com\/\u00bb url_new_window=\u00bbon\u00bb align=\u00bbcenter\u00bb align_tablet=\u00bbcenter\u00bb align_phone=\u00bb\u00bb align_last_edited=\u00bbon|desktop\u00bb admin_label=\u00bbIWFA\u00bb _builder_version=\u00bb4.7.1&#8243; max_width=\u00bb100%\u00bb max_width_tablet=\u00bb30%\u00bb max_width_phone=\u00bb49%\u00bb max_width_last_edited=\u00bbon|phone\u00bb module_alignment=\u00bbcenter\u00bb][\/et_pb_image][et_pb_image src=\u00bbhttps:\/\/enercut.com\/web\/wp-content\/uploads\/2018\/11\/logoewfa.gif\u00bb url=\u00bbhttps:\/\/iwfa.com\/ewfa\u00bb url_new_window=\u00bbon\u00bb align=\u00bbcenter\u00bb align_tablet=\u00bbcenter\u00bb align_phone=\u00bb\u00bb align_last_edited=\u00bbon|desktop\u00bb admin_label=\u00bbEWFA\u00bb _builder_version=\u00bb4.7.1&#8243; max_width=\u00bb100%\u00bb max_width_tablet=\u00bb30%\u00bb max_width_phone=\u00bb45%\u00bb max_width_last_edited=\u00bbon|phone\u00bb module_alignment=\u00bbcenter\u00bb][\/et_pb_image][et_pb_image src=\u00bbhttps:\/\/enercut.com\/web\/wp-content\/uploads\/2018\/11\/madico-logo.png\u00bb url=\u00bbhttp:\/\/www.madico.com\/\u00bb url_new_window=\u00bbon\u00bb align=\u00bbcenter\u00bb align_tablet=\u00bbcenter\u00bb align_phone=\u00bb\u00bb align_last_edited=\u00bbon|desktop\u00bb admin_label=\u00bbMADICO\u00bb _builder_version=\u00bb4.7.1&#8243; max_width=\u00bb100%\u00bb max_width_tablet=\u00bb33%\u00bb max_width_phone=\u00bb50%\u00bb max_width_last_edited=\u00bbon|phone\u00bb module_alignment=\u00bbcenter\u00bb custom_margin=\u00bb10px||10px|\u00bb custom_padding=\u00bb10px|||\u00bb][\/et_pb_image][et_pb_image src=\u00bbhttps:\/\/enercut.com\/web\/wp-content\/uploads\/2019\/02\/soltek-1.png\u00bb url=\u00bbhttps:\/\/soltek.nl\/\u00bb url_new_window=\u00bbon\u00bb align=\u00bbcenter\u00bb align_tablet=\u00bbcenter\u00bb align_phone=\u00bb\u00bb align_last_edited=\u00bbon|desktop\u00bb admin_label=\u00bbSolTek\u00bb _builder_version=\u00bb4.7.1&#8243; max_width=\u00bb100%\u00bb max_width_tablet=\u00bb38%\u00bb max_width_phone=\u00bb57%\u00bb max_width_last_edited=\u00bbon|phone\u00bb module_alignment=\u00bbcenter\u00bb custom_margin_tablet=\u00bb\u00bb custom_margin_phone=\u00bb\u00bb custom_margin_last_edited=\u00bbon|phone\u00bb][\/et_pb_image][\/et_pb_column][\/et_pb_row][\/et_pb_section]<\/p>\n","protected":false},"excerpt":{"rendered":"<p>[et_pb_section fb_built=\u00bb1&#8243; custom_padding_last_edited=\u00bbon|phone\u00bb admin_label=\u00bbAbout Us\u00bb _builder_version=\u00bb3.22&#8243; custom_margin=\u00bb0px||0px|\u00bb custom_padding=\u00bb|0px||0px\u00bb custom_padding_tablet=\u00bb\u00bb custom_padding_phone=\u00bb|0px|0px|0px\u00bb][et_pb_row _builder_version=\u00bb3.25&#8243; max_width=\u00bb960px\u00bb module_alignment=\u00bbcenter\u00bb custom_margin=\u00bb0px||0px|\u00bb custom_padding=\u00bb0px||0px|\u00bb use_custom_width=\u00bbon\u00bb custom_width_px=\u00bb960px\u00bb locked=\u00bboff\u00bb][et_pb_column type=\u00bb4_4&#8243; _builder_version=\u00bb3.25&#8243; custom_padding=\u00bb0px||0px|\u00bb custom_padding__hover=\u00bb|||\u00bb][et_pb_text admin_label=\u00bbTitle\u00bb _builder_version=\u00bb3.29.3&#8243; text_font=\u00bbLato||||||||\u00bb text_font_size=\u00bb17px\u00bb text_line_height=\u00bb1.8em\u00bb header_font=\u00bbTeko||||||||\u00bb header_font_size=\u00bb40px\u00bb header_2_font=\u00bbTeko||||||||\u00bb header_2_font_size=\u00bb40px\u00bb text_orientation=\u00bbcenter\u00bb max_width=\u00bb750px\u00bb module_alignment=\u00bbcenter\u00bb custom_margin=\u00bb0px|||\u00bb custom_padding=\u00bb0px|||\u00bb text_font_size_tablet=\u00bb16px\u00bb text_font_size_phone=\u00bb13px\u00bb text_font_size_last_edited=\u00bbon|phone\u00bb header_font_size_tablet=\u00bb34px\u00bb header_font_size_phone=\u00bb23px\u00bb header_font_size_last_edited=\u00bbon|desktop\u00bb header_2_font_size_tablet=\u00bb34px\u00bb header_2_font_size_phone=\u00bb23px\u00bb header_2_font_size_last_edited=\u00bbon|phone\u00bb z_index_tablet=\u00bb500&#8243;] Vid\u00e9os d\u2019ENERCUT Le Groupe Energysa vous offre ce vid\u00e9o [&hellip;]<\/p>\n","protected":false},"author":1,"featured_media":0,"parent":0,"menu_order":2,"comment_status":"closed","ping_status":"closed","template":"","meta":{"_et_pb_use_builder":"on","_et_pb_old_content":"","_et_gb_content_width":""},"yoast_head":"<!-- This site is optimized with the Yoast SEO plugin v15.3 - https:\/\/yoast.com\/wordpress\/plugins\/seo\/ -->\n<title>Vid\u00e9os Logiciel de D\u00e9coupe de Vitres Teint\u00e9es | Enercut<\/title>\n<meta name=\"description\" content=\"Logiciel de D\u00e9coupe de Vitres Teint\u00e9es - ENERCUT. Vid\u00e9os et Tutoriels pour mieux conna\u00eetre notre logiciel de d\u00e9coupe.\" \/>\n<meta name=\"robots\" content=\"index, follow, max-snippet:-1, max-image-preview:large, max-video-preview:-1\" \/>\n<link rel=\"canonical\" href=\"https:\/\/enercut.com\/web\/videos-logiciel-de-decoupe-de-vitres-teintees\/\" \/>\n<meta property=\"og:locale\" content=\"es_ES\" \/>\n<meta property=\"og:type\" content=\"article\" \/>\n<meta property=\"og:title\" content=\"Vid\u00e9os Logiciel de D\u00e9coupe de Vitres Teint\u00e9es | Enercut\" \/>\n<meta property=\"og:description\" content=\"Logiciel de D\u00e9coupe de Vitres Teint\u00e9es - ENERCUT. Vid\u00e9os et Tutoriels pour mieux conna\u00eetre notre logiciel de d\u00e9coupe.\" \/>\n<meta property=\"og:url\" content=\"https:\/\/enercut.com\/web\/fr\/videos-logiciel-de-decoupe-de-vitres-teintees\/\" \/>\n<meta property=\"og:site_name\" content=\"Enercut\" \/>\n<meta property=\"article:modified_time\" content=\"2024-01-15T20:29:57+00:00\" \/>\n<meta name=\"twitter:card\" content=\"summary_large_image\" \/>\n<meta name=\"twitter:label1\" content=\"Escrito por\">\n\t<meta name=\"twitter:data1\" content=\"BYTE_WPA\">\n\t<meta name=\"twitter:label2\" content=\"Tiempo de lectura\">\n\t<meta name=\"twitter:data2\" content=\"5 minutos\">\n<script type=\"application\/ld+json\" class=\"yoast-schema-graph\">{\"@context\":\"https:\/\/schema.org\",\"@graph\":[{\"@type\":\"Organization\",\"@id\":\"https:\/\/enercut.com\/web\/#organization\",\"name\":\"Enercut\",\"url\":\"https:\/\/enercut.com\/web\/\",\"sameAs\":[],\"logo\":{\"@type\":\"ImageObject\",\"@id\":\"https:\/\/enercut.com\/web\/#logo\",\"inLanguage\":\"es\",\"url\":\"https:\/\/enercut.com\/web\/wp-content\/uploads\/2018\/09\/logo.gif\",\"width\":265,\"height\":92,\"caption\":\"Enercut\"},\"image\":{\"@id\":\"https:\/\/enercut.com\/web\/#logo\"}},{\"@type\":\"WebSite\",\"@id\":\"https:\/\/enercut.com\/web\/#website\",\"url\":\"https:\/\/enercut.com\/web\/\",\"name\":\"Enercut\",\"description\":\"Software de corte de vidrio tintado ENERCUT. Descubra nuestro programa para cortar vidrios polarizados. Con sus intensas actualizaciones cada semana y con todos los nuevos modelos.\",\"publisher\":{\"@id\":\"https:\/\/enercut.com\/web\/#organization\"},\"potentialAction\":[{\"@type\":\"SearchAction\",\"target\":\"https:\/\/enercut.com\/web\/?s={search_term_string}\",\"query-input\":\"required name=search_term_string\"}],\"inLanguage\":\"es\"},{\"@type\":\"WebPage\",\"@id\":\"https:\/\/enercut.com\/web\/fr\/videos-logiciel-de-decoupe-de-vitres-teintees\/#webpage\",\"url\":\"https:\/\/enercut.com\/web\/fr\/videos-logiciel-de-decoupe-de-vitres-teintees\/\",\"name\":\"Vid\\u00e9os Logiciel de D\\u00e9coupe de Vitres Teint\\u00e9es | Enercut\",\"isPartOf\":{\"@id\":\"https:\/\/enercut.com\/web\/#website\"},\"datePublished\":\"2018-09-03T11:09:11+00:00\",\"dateModified\":\"2024-01-15T20:29:57+00:00\",\"description\":\"Logiciel de D\\u00e9coupe de Vitres Teint\\u00e9es - ENERCUT. Vid\\u00e9os et Tutoriels pour mieux conna\\u00eetre notre logiciel de d\\u00e9coupe.\",\"breadcrumb\":{\"@id\":\"https:\/\/enercut.com\/web\/fr\/videos-logiciel-de-decoupe-de-vitres-teintees\/#breadcrumb\"},\"inLanguage\":\"es\",\"potentialAction\":[{\"@type\":\"ReadAction\",\"target\":[\"https:\/\/enercut.com\/web\/fr\/videos-logiciel-de-decoupe-de-vitres-teintees\/\"]}]},{\"@type\":\"BreadcrumbList\",\"@id\":\"https:\/\/enercut.com\/web\/fr\/videos-logiciel-de-decoupe-de-vitres-teintees\/#breadcrumb\",\"itemListElement\":[{\"@type\":\"ListItem\",\"position\":1,\"item\":{\"@type\":\"WebPage\",\"@id\":\"https:\/\/enercut.com\/web\/\",\"url\":\"https:\/\/enercut.com\/web\/\",\"name\":\"Software de corte lunas tintadas\"}},{\"@type\":\"ListItem\",\"position\":2,\"item\":{\"@type\":\"WebPage\",\"@id\":\"https:\/\/enercut.com\/web\/videos-logiciel-de-decoupe-de-vitres-teintees\/\",\"url\":\"https:\/\/enercut.com\/web\/videos-logiciel-de-decoupe-de-vitres-teintees\/\",\"name\":\"Vid\\u00e9os Logiciel de D\\u00e9coupe de Vitres Teint\\u00e9es\"}}]}]}<\/script>\n<!-- \/ Yoast SEO plugin. -->","_links":{"self":[{"href":"https:\/\/enercut.com\/web\/wp-json\/wp\/v2\/pages\/1738"}],"collection":[{"href":"https:\/\/enercut.com\/web\/wp-json\/wp\/v2\/pages"}],"about":[{"href":"https:\/\/enercut.com\/web\/wp-json\/wp\/v2\/types\/page"}],"author":[{"embeddable":true,"href":"https:\/\/enercut.com\/web\/wp-json\/wp\/v2\/users\/1"}],"replies":[{"embeddable":true,"href":"https:\/\/enercut.com\/web\/wp-json\/wp\/v2\/comments?post=1738"}],"version-history":[{"count":9,"href":"https:\/\/enercut.com\/web\/wp-json\/wp\/v2\/pages\/1738\/revisions"}],"predecessor-version":[{"id":2441,"href":"https:\/\/enercut.com\/web\/wp-json\/wp\/v2\/pages\/1738\/revisions\/2441"}],"wp:attachment":[{"href":"https:\/\/enercut.com\/web\/wp-json\/wp\/v2\/media?parent=1738"}],"curies":[{"name":"wp","href":"https:\/\/api.w.org\/{rel}","templated":true}]}}